{"id":91,"date":"2026-04-16T19:01:54","date_gmt":"2026-04-16T19:01:54","guid":{"rendered":"https:\/\/omniakiskan.com\/?page_id=91"},"modified":"2026-04-17T23:32:16","modified_gmt":"2026-04-17T23:32:16","slug":"firmamiz","status":"publish","type":"page","link":"https:\/\/omniakiskan.com\/?page_id=91","title":{"rendered":"Firmam\u0131z"},"content":{"rendered":"\t\t<div data-elementor-type=\"wp-page\" data-elementor-id=\"91\" class=\"elementor elementor-91\">\n\t\t\t\t<div class=\"elementor-element elementor-element-a71e287 e-con-full e-flex e-con e-parent\" data-id=\"a71e287\" data-element_type=\"container\" data-e-type=\"container\" data-settings=\"{&quot;background_background&quot;:&quot;classic&quot;}\">\n\t\t\t\t<\/div>\n\t\t<div class=\"elementor-element elementor-element-5f6fd6d e-flex e-con-boxed e-con e-parent\" data-id=\"5f6fd6d\" data-element_type=\"container\" data-e-type=\"container\" data-settings=\"{&quot;background_background&quot;:&quot;classic&quot;}\">\n\t\t\t\t\t<div class=\"e-con-inner\">\n\t\t<div class=\"elementor-element elementor-element-d89b155 e-con-full e-flex e-con e-child\" data-id=\"d89b155\" data-element_type=\"container\" data-e-type=\"container\" data-settings=\"{&quot;background_background&quot;:&quot;classic&quot;}\">\n\t\t\t\t<div class=\"elementor-element elementor-element-7c5a49f elementor-widget elementor-widget-image\" data-id=\"7c5a49f\" data-element_type=\"widget\" data-e-type=\"widget\" data-widget_type=\"image.default\">\n\t\t\t\t\t\t\t\t\t\t\t\t\t\t\t<img fetchpriority=\"high\" decoding=\"async\" width=\"384\" height=\"384\" src=\"https:\/\/omniakiskan.com\/wp-content\/uploads\/2026\/04\/ChatGPT-Image-27-Oca-2026-17_24_09-384x384.png\" class=\"attachment-mae-project-1 size-mae-project-1 wp-image-97\" alt=\"\" srcset=\"https:\/\/omniakiskan.com\/wp-content\/uploads\/2026\/04\/ChatGPT-Image-27-Oca-2026-17_24_09-384x384.png 384w, https:\/\/omniakiskan.com\/wp-content\/uploads\/2026\/04\/ChatGPT-Image-27-Oca-2026-17_24_09-150x150.png 150w, https:\/\/omniakiskan.com\/wp-content\/uploads\/2026\/04\/ChatGPT-Image-27-Oca-2026-17_24_09-70x70.png 70w\" sizes=\"(max-width: 384px) 100vw, 384px\" \/>\t\t\t\t\t\t\t\t\t\t\t\t\t\t\t<\/div>\n\t\t\t\t<\/div>\n\t\t<div class=\"elementor-element elementor-element-f0d3575 e-con-full e-flex e-con e-child\" data-id=\"f0d3575\" data-element_type=\"container\" data-e-type=\"container\">\n\t\t\t\t<div class=\"elementor-element elementor-element-5c6305e elementor-widget elementor-widget-heading\" data-id=\"5c6305e\" data-element_type=\"widget\" data-e-type=\"widget\" data-widget_type=\"heading.default\">\n\t\t\t\t\t<h2 class=\"elementor-heading-title elementor-size-default\">Sekt\u00f6rel Yakla\u015f\u0131m\u0131m\u0131z<\/h2>\t\t\t\t<\/div>\n\t\t\t\t<div class=\"elementor-element elementor-element-7e9ee5e elementor-widget elementor-widget-heading\" data-id=\"7e9ee5e\" data-element_type=\"widget\" data-e-type=\"widget\" data-widget_type=\"heading.default\">\n\t\t\t\t\t<h2 class=\"elementor-heading-title elementor-size-default\">Omni Ak\u0131\u015fkan olarak, end\u00fcstriyel s\u00fcre\u00e7lerde do\u011fru \u00fcr\u00fcn\u00fc do\u011fru uygulamayla\nbirle\u015ftiren; tedarikten sat\u0131\u015f sonras\u0131na kadar sorumluluk alan bir \u00e7\u00f6z\u00fcm orta\u011f\u0131\nolarak \u00e7al\u0131\u015f\u0131yoruz<\/h2>\t\t\t\t<\/div>\n\t\t<div class=\"elementor-element elementor-element-b0e9ef8 e-grid e-con-full e-con e-child\" data-id=\"b0e9ef8\" data-element_type=\"container\" data-e-type=\"container\">\n\t\t\t\t<div class=\"elementor-element elementor-element-06837bd elementor-widget elementor-widget-text-editor\" data-id=\"06837bd\" data-element_type=\"widget\" data-e-type=\"widget\" data-widget_type=\"text-editor.default\">\n\t\t\t\t\t\t\t\t\t<p>2025 y\u0131l\u0131nda, Omni Ak\u0131\u015fkan Teknolojileri ve Kimyevi \u00dcr\u00fcnler San. ve Tic. Ltd. \u015eti. \u00fcnvan\u0131 ile ticari faaliyetine ba\u015flayan firmam\u0131z, 30 y\u0131l\u0131 a\u015fk\u0131n sekt\u00f6r tecr\u00fcbesine sahiptir. Omni Ak\u0131\u015fkan; mekanik tesisat \/ end\u00fcstriyel ak\u0131\u015fkan \u00e7\u00f6z\u00fcmlerinde, yaln\u0131zca \u00fcr\u00fcn tedarik eden bir firma olman\u0131n \u00f6tesinde; s\u00fcreci, ba\u015ftan sona sahiplenen bir anlay\u0131\u015fla \u00e7al\u0131\u015f\u0131r. Do\u011fru \u00fcr\u00fcn se\u00e7imi, teknik dan\u0131\u015fmanl\u0131k ve saha uygulamas\u0131n\u0131 bir b\u00fct\u00fcn olarak ele al\u0131r.\u00a0<\/p>\t\t\t\t\t\t\t\t<\/div>\n\t\t\t\t<div class=\"elementor-element elementor-element-f6173ab elementor-widget elementor-widget-text-editor\" data-id=\"f6173ab\" data-element_type=\"widget\" data-e-type=\"widget\" data-widget_type=\"text-editor.default\">\n\t\t\t\t\t\t\t\t\t<p>Tedarikten uygulamaya,<br \/>sat\u0131\u015f sonras\u0131na kadar sorumluluk alan bir \u00e7\u00f6z\u00fcm orta\u011f\u0131d\u0131r.<\/p><p>Uluslararas\u0131 bir firma olan Clariant\u2019\u0131n \u0131s\u0131 transfer ak\u0131\u015fkanlar\u0131 olan AntifrogenTM \u00fcr\u00fcnlerinin<br \/>T\u00fcrkiye distrib\u00fct\u00f6r\u00fc ve ihracat\u00e7\u0131s\u0131d\u0131r.<\/p>\t\t\t\t\t\t\t\t<\/div>\n\t\t\t\t<\/div>\n\t\t\t\t<\/div>\n\t\t\t\t\t<\/div>\n\t\t\t\t<\/div>\n\t\t<div class=\"elementor-element elementor-element-0f6e12f e-flex e-con-boxed e-con e-parent\" data-id=\"0f6e12f\" data-element_type=\"container\" data-e-type=\"container\" data-settings=\"{&quot;background_background&quot;:&quot;classic&quot;,&quot;shape_divider_top&quot;:&quot;wave-brush&quot;}\">\n\t\t\t\t\t<div class=\"e-con-inner\">\n\t\t\t\t<div class=\"elementor-shape elementor-shape-top\" aria-hidden=\"true\" data-negative=\"false\">\n\t\t\t<svg xmlns=\"http:\/\/www.w3.org\/2000\/svg\" viewBox=\"0 0 283.5 27.8\" preserveAspectRatio=\"none\">\n\t<path class=\"elementor-shape-fill\" d=\"M283.5,9.7c0,0-7.3,4.3-14,4.6c-6.8,0.3-12.6,0-20.9-1.5c-11.3-2-33.1-10.1-44.7-5.7\ts-12.1,4.6-18,7.4c-6.6,3.2-20,9.6-36.6,9.3C131.6,23.5,99.5,7.2,86.3,8c-1.4,0.1-6.6,0.8-10.5,2c-3.8,1.2-9.4,3.8-17,4.7\tc-3.2,0.4-8.3,1.1-14.2,0.9c-1.5-0.1-6.3-0.4-12-1.6c-5.7-1.2-11-3.1-15.8-3.7C6.5,9.2,0,10.8,0,10.8V0h283.5V9.7z M260.8,11.3\tc-0.7-1-2-0.4-4.3-0.4c-2.3,0-6.1-1.2-5.8-1.1c0.3,0.1,3.1,1.5,6,1.9C259.7,12.2,261.4,12.3,260.8,11.3z M242.4,8.6\tc0,0-2.4-0.2-5.6-0.9c-3.2-0.8-10.3-2.8-15.1-3.5c-8.2-1.1-15.8,0-15.1,0.1c0.8,0.1,9.6-0.6,17.6,1.1c3.3,0.7,9.3,2.2,12.4,2.7\tC239.9,8.7,242.4,8.6,242.4,8.6z M185.2,8.5c1.7-0.7-13.3,4.7-18.5,6.1c-2.1,0.6-6.2,1.6-10,2c-3.9,0.4-8.9,0.4-8.8,0.5\tc0,0.2,5.8,0.8,11.2,0c5.4-0.8,5.2-1.1,7.6-1.6C170.5,14.7,183.5,9.2,185.2,8.5z M199.1,6.9c0.2,0-0.8-0.4-4.8,1.1\tc-4,1.5-6.7,3.5-6.9,3.7c-0.2,0.1,3.5-1.8,6.6-3C197,7.5,199,6.9,199.1,6.9z M283,6c-0.1,0.1-1.9,1.1-4.8,2.5s-6.9,2.8-6.7,2.7\tc0.2,0,3.5-0.6,7.4-2.5C282.8,6.8,283.1,5.9,283,6z M31.3,11.6c0.1-0.2-1.9-0.2-4.5-1.2s-5.4-1.6-7.8-2C15,7.6,7.3,8.5,7.7,8.6\tC8,8.7,15.9,8.3,20.2,9.3c2.2,0.5,2.4,0.5,5.7,1.6S31.2,11.9,31.3,11.6z M73,9.2c0.4-0.1,3.5-1.6,8.4-2.6c4.9-1.1,8.9-0.5,8.9-0.8\tc0-0.3-1-0.9-6.2-0.3S72.6,9.3,73,9.2z M71.6,6.7C71.8,6.8,75,5.4,77.3,5c2.3-0.3,1.9-0.5,1.9-0.6c0-0.1-1.1-0.2-2.7,0.2\tC74.8,5.1,71.4,6.6,71.6,6.7z M93.6,4.4c0.1,0.2,3.5,0.8,5.6,1.8c2.1,1,1.8,0.6,1.9,0.5c0.1-0.1-0.8-0.8-2.4-1.3\tC97.1,4.8,93.5,4.2,93.6,4.4z M65.4,11.1c-0.1,0.3,0.3,0.5,1.9-0.2s2.6-1.3,2.2-1.2s-0.9,0.4-2.5,0.8C65.3,10.9,65.5,10.8,65.4,11.1\tz M34.5,12.4c-0.2,0,2.1,0.8,3.3,0.9c1.2,0.1,2,0.1,2-0.2c0-0.3-0.1-0.5-1.6-0.4C36.6,12.8,34.7,12.4,34.5,12.4z M152.2,21.1\tc-0.1,0.1-2.4-0.3-7.5-0.3c-5,0-13.6-2.4-17.2-3.5c-3.6-1.1,10,3.9,16.5,4.1C150.5,21.6,152.3,21,152.2,21.1z\"\/>\n\t<path class=\"elementor-shape-fill\" d=\"M269.6,18c-0.1-0.1-4.6,0.3-7.2,0c-7.3-0.7-17-3.2-16.6-2.9c0.4,0.3,13.7,3.1,17,3.3\tC267.7,18.8,269.7,18,269.6,18z\"\/>\n\t<path class=\"elementor-shape-fill\" d=\"M227.4,9.8c-0.2-0.1-4.5-1-9.5-1.2c-5-0.2-12.7,0.6-12.3,0.5c0.3-0.1,5.9-1.8,13.3-1.2\tS227.6,9.9,227.4,9.8z\"\/>\n\t<path class=\"elementor-shape-fill\" d=\"M204.5,13.4c-0.1-0.1,2-1,3.2-1.1c1.2-0.1,2,0,2,0.3c0,0.3-0.1,0.5-1.6,0.4\tC206.4,12.9,204.6,13.5,204.5,13.4z\"\/>\n\t<path class=\"elementor-shape-fill\" d=\"M201,10.6c0-0.1-4.4,1.2-6.3,2.2c-1.9,0.9-6.2,3.1-6.1,3.1c0.1,0.1,4.2-1.6,6.3-2.6\tS201,10.7,201,10.6z\"\/>\n\t<path class=\"elementor-shape-fill\" d=\"M154.5,26.7c-0.1-0.1-4.6,0.3-7.2,0c-7.3-0.7-17-3.2-16.6-2.9c0.4,0.3,13.7,3.1,17,3.3\tC152.6,27.5,154.6,26.8,154.5,26.7z\"\/>\n\t<path class=\"elementor-shape-fill\" d=\"M41.9,19.3c0,0,1.2-0.3,2.9-0.1c1.7,0.2,5.8,0.9,8.2,0.7c4.2-0.4,7.4-2.7,7-2.6\tc-0.4,0-4.3,2.2-8.6,1.9c-1.8-0.1-5.1-0.5-6.7-0.4S41.9,19.3,41.9,19.3z\"\/>\n\t<path class=\"elementor-shape-fill\" d=\"M75.5,12.6c0.2,0.1,2-0.8,4.3-1.1c2.3-0.2,2.1-0.3,2.1-0.5c0-0.1-1.8-0.4-3.4,0\tC76.9,11.5,75.3,12.5,75.5,12.6z\"\/>\n\t<path class=\"elementor-shape-fill\" d=\"M15.6,13.2c0-0.1,4.3,0,6.7,0.5c2.4,0.5,5,1.9,5,2c0,0.1-2.7-0.8-5.1-1.4\tC19.9,13.7,15.7,13.3,15.6,13.2z\"\/>\n<\/svg>\t\t<\/div>\n\t\t\t\t<div class=\"elementor-element elementor-element-a8f0714 elementor-widget elementor-widget-heading\" data-id=\"a8f0714\" data-element_type=\"widget\" data-e-type=\"widget\" data-widget_type=\"heading.default\">\n\t\t\t\t\t<h2 class=\"elementor-heading-title elementor-size-default\">De\u011ferlerimiz<\/h2>\t\t\t\t<\/div>\n\t\t\t\t\t<\/div>\n\t\t\t\t<\/div>\n\t\t<div class=\"elementor-element elementor-element-5dbc7f3 e-grid e-con-boxed e-con e-child\" data-id=\"5dbc7f3\" data-element_type=\"container\" data-e-type=\"container\" data-settings=\"{&quot;background_background&quot;:&quot;classic&quot;}\">\n\t\t\t\t\t<div class=\"e-con-inner\">\n\t\t\t\t<div class=\"elementor-element elementor-element-19b984c icon-position-left align--mobileleft icon-box-default elementor-widget elementor-widget-mae-icon-box\" data-id=\"19b984c\" data-element_type=\"widget\" data-e-type=\"widget\" data-widget_type=\"mae-icon-box.default\">\n\t\t\t\t<div class=\"elementor-widget-container\">\n\t\t\t\t\t                <div class=\"master-icon-box\" >\n                        \n            <div class=\"inner\">\n                <div class=\"icon-wrap\"><div class=\"master-icon\"><\/div><\/div>\n                <div class=\"text-wrap\">\n                    <h2 class=\"headline-2\">Teknik Do\u011fruluk<\/h2><div class=\"desc\">\u00dcr\u00fcn se\u00e7imi ve uygulama s\u00fcre\u00e7lerinde, teknik verilere ve proses ko\u015fullar\u0131na dayal\u0131 do\u011fru \u00e7\u00f6z\u00fcmler \u00fcretiriz. Her uygulamada sistem g\u00fcvenli\u011fi ve performans\u0131n\u0131 \u00f6nceliklendiririz.<\/div>                <\/div>\n            <\/div>\n\n            <div class=\"bg-static\"><\/div>        <\/div>\n        \t\t\t\t<\/div>\n\t\t\t\t<\/div>\n\t\t\t\t<div class=\"elementor-element elementor-element-7d7ee17 icon-position-left icon-box-default elementor-widget elementor-widget-mae-icon-box\" data-id=\"7d7ee17\" data-element_type=\"widget\" data-e-type=\"widget\" data-widget_type=\"mae-icon-box.default\">\n\t\t\t\t<div class=\"elementor-widget-container\">\n\t\t\t\t\t                <div class=\"master-icon-box\" >\n                        \n            <div class=\"inner\">\n                <div class=\"icon-wrap\"><div class=\"master-icon\"><\/div><\/div>\n                <div class=\"text-wrap\">\n                    <h2 class=\"headline-2\">G\u00fcvenilirlik<\/h2><div class=\"desc\">Verdi\u011fimiz taahh\u00fctleri yerine getirir, uygulama ve destek s\u00fcre\u00e7lerinde \u015feffaf ve tutarl\u0131 bir yakla\u015f\u0131m sergileriz. Uzun vadeli i\u015f birliklerini bu anlay\u0131\u015fla kurar\u0131z.<\/div>                <\/div>\n            <\/div>\n\n            <div class=\"bg-static\"><\/div>        <\/div>\n        \t\t\t\t<\/div>\n\t\t\t\t<\/div>\n\t\t\t\t<div class=\"elementor-element elementor-element-9ca56d7 icon-position-left icon-box-default elementor-widget elementor-widget-mae-icon-box\" data-id=\"9ca56d7\" data-element_type=\"widget\" data-e-type=\"widget\" data-widget_type=\"mae-icon-box.default\">\n\t\t\t\t<div class=\"elementor-widget-container\">\n\t\t\t\t\t                <div class=\"master-icon-box\" >\n                        \n            <div class=\"inner\">\n                <div class=\"icon-wrap\"><div class=\"master-icon\"><\/div><\/div>\n                <div class=\"text-wrap\">\n                    <h2 class=\"headline-2\">Uygulama Odakl\u0131l\u0131k<\/h2><div class=\"desc\">\u00dcr\u00fcn sat\u0131\u015f\u0131yla s\u0131n\u0131rl\u0131 kalmay\u0131z; sahaya uygun uygulama ve devreye alma s\u00fcre\u00e7leriyle sistemlerin do\u011fru \u00e7al\u0131\u015fmas\u0131n\u0131 sa\u011flar\u0131z.<\/div>                <\/div>\n            <\/div>\n\n            <div class=\"bg-static\"><\/div>        <\/div>\n        \t\t\t\t<\/div>\n\t\t\t\t<\/div>\n\t\t\t\t<div class=\"elementor-element elementor-element-9d52730 icon-position-left icon-box-default elementor-widget elementor-widget-mae-icon-box\" data-id=\"9d52730\" data-element_type=\"widget\" data-e-type=\"widget\" data-widget_type=\"mae-icon-box.default\">\n\t\t\t\t<div class=\"elementor-widget-container\">\n\t\t\t\t\t                <div class=\"master-icon-box\" >\n                        \n            <div class=\"inner\">\n                <div class=\"icon-wrap\"><div class=\"master-icon\"><\/div><\/div>\n                <div class=\"text-wrap\">\n                    <h2 class=\"headline-2\">S\u00fcrd\u00fcr\u00fclebilir Performans<\/h2><div class=\"desc\">Sistemlerin verimli, g\u00fcvenli ve uzun \u00f6m\u00fcrl\u00fc \u00e7al\u0131\u015fmas\u0131n\u0131 hedefleyen \u00e7\u00f6z\u00fcmler geli\u015ftirir, operasyonel s\u00fcreklili\u011fi destekleriz.<\/div>                <\/div>\n            <\/div>\n\n            <div class=\"bg-static\"><\/div>        <\/div>\n        \t\t\t\t<\/div>\n\t\t\t\t<\/div>\n\t\t\t\t<div class=\"elementor-element elementor-element-7c75851 icon-position-left icon-box-default elementor-widget elementor-widget-mae-icon-box\" data-id=\"7c75851\" data-element_type=\"widget\" data-e-type=\"widget\" data-widget_type=\"mae-icon-box.default\">\n\t\t\t\t<div class=\"elementor-widget-container\">\n\t\t\t\t\t                <div class=\"master-icon-box\" >\n                        \n            <div class=\"inner\">\n                <div class=\"icon-wrap\"><div class=\"master-icon\"><\/div><\/div>\n                <div class=\"text-wrap\">\n                    <h2 class=\"headline-2\">Uzmanl\u0131k ve Deneyim<\/h2><div class=\"desc\">End\u00fcstriyel uygulamalarda edindi\u011fimiz saha tecr\u00fcbesini, kimyasal bilgi birikimimizle birle\u015ftirerek katma de\u011fer \u00fcretiriz.<\/div>                <\/div>\n            <\/div>\n\n            <div class=\"bg-static\"><\/div>        <\/div>\n        \t\t\t\t<\/div>\n\t\t\t\t<\/div>\n\t\t\t\t<div class=\"elementor-element elementor-element-1065c7a icon-position-left icon-box-default elementor-widget elementor-widget-mae-icon-box\" data-id=\"1065c7a\" data-element_type=\"widget\" data-e-type=\"widget\" data-widget_type=\"mae-icon-box.default\">\n\t\t\t\t<div class=\"elementor-widget-container\">\n\t\t\t\t\t                <div class=\"master-icon-box\" >\n                        \n            <div class=\"inner\">\n                <div class=\"icon-wrap\"><div class=\"master-icon\"><\/div><\/div>\n                <div class=\"text-wrap\">\n                    <h2 class=\"headline-2\">\u015eeffaf \u0130leti\u015fim<\/h2><div class=\"desc\">Teknik s\u00fcre\u00e7lerde a\u00e7\u0131k, anla\u015f\u0131l\u0131r ve do\u011fru ileti\u015fim kurar; m\u00fc\u015fterilerimizin t\u00fcm a\u015famalarda bilgi sahibi olmas\u0131n\u0131 sa\u011flar\u0131z.<\/div>                <\/div>\n            <\/div>\n\n            <div class=\"bg-static\"><\/div>        <\/div>\n        \t\t\t\t<\/div>\n\t\t\t\t<\/div>\n\t\t\t\t\t<\/div>\n\t\t\t\t<\/div>\n\t\t<div class=\"elementor-element elementor-element-730f839 e-flex e-con-boxed e-con e-parent\" data-id=\"730f839\" data-element_type=\"container\" data-e-type=\"container\" data-settings=\"{&quot;background_background&quot;:&quot;classic&quot;}\">\n\t\t\t\t\t<div class=\"e-con-inner\">\n\t\t<div class=\"elementor-element elementor-element-956a26c e-con-full e-flex e-con e-child\" data-id=\"956a26c\" data-element_type=\"container\" data-e-type=\"container\" data-settings=\"{&quot;background_background&quot;:&quot;classic&quot;}\">\n\t\t\t\t<div class=\"elementor-element elementor-element-f685bc5 elementor-widget elementor-widget-image\" data-id=\"f685bc5\" data-element_type=\"widget\" data-e-type=\"widget\" data-widget_type=\"image.default\">\n\t\t\t\t\t\t\t\t\t\t\t\t\t\t\t<img decoding=\"async\" src=\"https:\/\/omniakiskan.com\/wp-content\/uploads\/elementor\/thumbs\/ChatGPT-Image-27-Oca-2026-17_30_19-rm3sq8psypx9gnhr4cra7pppmvvfrffgu3jhcp6xc0.png\" title=\"ChatGPT-Image-27-Oca-2026-17_30_19.png\" alt=\"ChatGPT-Image-27-Oca-2026-17_30_19.png\" loading=\"lazy\" \/>\t\t\t\t\t\t\t\t\t\t\t\t\t\t\t<\/div>\n\t\t\t\t<\/div>\n\t\t<div class=\"elementor-element elementor-element-d5f18ae e-con-full e-flex e-con e-child\" data-id=\"d5f18ae\" data-element_type=\"container\" data-e-type=\"container\">\n\t\t\t\t<div class=\"elementor-element elementor-element-e7bbb04 elementor-widget elementor-widget-heading\" data-id=\"e7bbb04\" data-element_type=\"widget\" data-e-type=\"widget\" data-widget_type=\"heading.default\">\n\t\t\t\t\t<h2 class=\"elementor-heading-title elementor-size-default\">\u00c7\u00f6z\u00fcm\u00fc Planl\u0131yor Uygulamada Sorumluluk Al\u0131yoruz<\/h2>\t\t\t\t<\/div>\n\t\t\t\t<div class=\"elementor-element elementor-element-a575451 elementor-widget elementor-widget-heading\" data-id=\"a575451\" data-element_type=\"widget\" data-e-type=\"widget\" data-widget_type=\"heading.default\">\n\t\t\t\t\t<h2 class=\"elementor-heading-title elementor-size-default\">Her projede, sistem ihtiya\u00e7lar\u0131n\u0131 ve proses ko\u015fullar\u0131n\u0131 analiz ederek do\u011fru \u00e7\u00f6z\u00fcm\u00fc planlar\u0131z. Uygulama ve devreye alma a\u015famalar\u0131nda ise sahada aktif rol al\u0131r, s\u00fcrecin teknik gerekliliklere uygun \u015fekilde ilerlemesini sa\u011flar\u0131z.<\/h2>\t\t\t\t<\/div>\n\t\t<div class=\"elementor-element elementor-element-e6818f9 e-grid e-con-full e-con e-child\" data-id=\"e6818f9\" data-element_type=\"container\" data-e-type=\"container\">\n\t\t\t\t<div class=\"elementor-element elementor-element-166f19d icon-position-left icon-box-default elementor-widget elementor-widget-mae-icon-box\" data-id=\"166f19d\" data-element_type=\"widget\" data-e-type=\"widget\" data-widget_type=\"mae-icon-box.default\">\n\t\t\t\t<div class=\"elementor-widget-container\">\n\t\t\t\t\t                <div class=\"master-icon-box\" >\n                        \n            <div class=\"inner\">\n                <div class=\"icon-wrap\"><div class=\"master-icon\"><\/div><\/div>\n                <div class=\"text-wrap\">\n                    <h2 class=\"headline-2\">Do\u011fru \u00dcr\u00fcn \u2013 Do\u011fru Uygulama<\/h2><div class=\"desc\">Her sistem i\u00e7in proses ko\u015fullar\u0131na uygun \u00fcr\u00fcn se\u00e7imi ve kontroll\u00fc uygulama yakla\u015f\u0131m\u0131.<\/div>                <\/div>\n            <\/div>\n\n            <div class=\"bg-static\"><\/div>        <\/div>\n        \t\t\t\t<\/div>\n\t\t\t\t<\/div>\n\t\t\t\t<div class=\"elementor-element elementor-element-4aa1162 icon-position-left icon-box-default elementor-widget elementor-widget-mae-icon-box\" data-id=\"4aa1162\" data-element_type=\"widget\" data-e-type=\"widget\" data-widget_type=\"mae-icon-box.default\">\n\t\t\t\t<div class=\"elementor-widget-container\">\n\t\t\t\t\t                <div class=\"master-icon-box\" >\n                        \n            <div class=\"inner\">\n                <div class=\"icon-wrap\"><div class=\"master-icon\"><\/div><\/div>\n                <div class=\"text-wrap\">\n                    <h2 class=\"headline-2\">End\u00fcstriyel Kimya Uzmanl\u0131\u011f\u0131<\/h2><div class=\"desc\">Is\u0131 transfer ak\u0131\u015fkanlar\u0131 ve kimyasal \u00fcr\u00fcn gruplar\u0131nda teknik bilgi ve saha deneyimi.<\/div>                <\/div>\n            <\/div>\n\n            <div class=\"bg-static\"><\/div>        <\/div>\n        \t\t\t\t<\/div>\n\t\t\t\t<\/div>\n\t\t\t\t<div class=\"elementor-element elementor-element-589ffbd icon-position-left icon-box-default elementor-widget elementor-widget-mae-icon-box\" data-id=\"589ffbd\" data-element_type=\"widget\" data-e-type=\"widget\" data-widget_type=\"mae-icon-box.default\">\n\t\t\t\t<div class=\"elementor-widget-container\">\n\t\t\t\t\t                <div class=\"master-icon-box\" >\n                        \n            <div class=\"inner\">\n                <div class=\"icon-wrap\"><div class=\"master-icon\"><\/div><\/div>\n                <div class=\"text-wrap\">\n                    <h2 class=\"headline-2\">Uzun Vadeli \u0130\u015f Birli\u011fi Yakla\u015f\u0131m\u0131<\/h2><div class=\"desc\">Sistem tipi ve proses ko\u015fullar\u0131n\u0131n de\u011ferlendirilmesi<\/div>                <\/div>\n            <\/div>\n\n            <div class=\"bg-static\"><\/div>        <\/div>\n        \t\t\t\t<\/div>\n\t\t\t\t<\/div>\n\t\t\t\t<div class=\"elementor-element elementor-element-f10c154 icon-position-left icon-box-default elementor-widget elementor-widget-mae-icon-box\" data-id=\"f10c154\" data-element_type=\"widget\" data-e-type=\"widget\" data-widget_type=\"mae-icon-box.default\">\n\t\t\t\t<div class=\"elementor-widget-container\">\n\t\t\t\t\t                <div class=\"master-icon-box\" >\n                        \n            <div class=\"inner\">\n                <div class=\"icon-wrap\"><div class=\"master-icon\"><\/div><\/div>\n                <div class=\"text-wrap\">\n                    <h2 class=\"headline-2\">Saha ve Devreye Alma Deste\u011fi<\/h2><div class=\"desc\">Uygulama, devreye alma ve kontrol s\u00fcre\u00e7lerinde teknik ekiplerle sahada aktif destek.<\/div>                <\/div>\n            <\/div>\n\n            <div class=\"bg-static\"><\/div>        <\/div>\n        \t\t\t\t<\/div>\n\t\t\t\t<\/div>\n\t\t\t\t<\/div>\n\t\t\t\t<\/div>\n\t\t\t\t\t<\/div>\n\t\t\t\t<\/div>\n\t\t\t\t<\/div>\n\t\t","protected":false},"excerpt":{"rendered":"<p>Sekt\u00f6rel Yakla\u015f\u0131m\u0131m\u0131z Omni Ak\u0131\u015fkan olarak, end\u00fcstriyel s\u00fcre\u00e7lerde do\u011fru \u00fcr\u00fcn\u00fc do\u011fru uygulamayla birle\u015ftiren; tedarikten sat\u0131\u015f sonras\u0131na kadar sorumluluk alan bir \u00e7\u00f6z\u00fcm orta\u011f\u0131 olarak \u00e7al\u0131\u015f\u0131yoruz 2025 y\u0131l\u0131nda, Omni Ak\u0131\u015fkan Teknolojileri ve Kimyevi \u00dcr\u00fcnler San. ve Tic. Ltd. \u015eti. \u00fcnvan\u0131 ile ticari faaliyetine ba\u015flayan firmam\u0131z, 30 y\u0131l\u0131 a\u015fk\u0131n sekt\u00f6r tecr\u00fcbesine sahiptir. Omni Ak\u0131\u015fkan;<\/p>\n","protected":false},"author":1,"featured_media":0,"parent":0,"menu_order":0,"comment_status":"closed","ping_status":"closed","template":"","meta":{"inline_featured_image":false,"footnotes":""},"class_list":["post-91","page","type-page","status-publish","hentry"],"_links":{"self":[{"href":"https:\/\/omniakiskan.com\/index.php?rest_route=\/wp\/v2\/pages\/91","targetHints":{"allow":["GET"]}}],"collection":[{"href":"https:\/\/omniakiskan.com\/index.php?rest_route=\/wp\/v2\/pages"}],"about":[{"href":"https:\/\/omniakiskan.com\/index.php?rest_route=\/wp\/v2\/types\/page"}],"author":[{"embeddable":true,"href":"https:\/\/omniakiskan.com\/index.php?rest_route=\/wp\/v2\/users\/1"}],"replies":[{"embeddable":true,"href":"https:\/\/omniakiskan.com\/index.php?rest_route=%2Fwp%2Fv2%2Fcomments&post=91"}],"version-history":[{"count":10,"href":"https:\/\/omniakiskan.com\/index.php?rest_route=\/wp\/v2\/pages\/91\/revisions"}],"predecessor-version":[{"id":294,"href":"https:\/\/omniakiskan.com\/index.php?rest_route=\/wp\/v2\/pages\/91\/revisions\/294"}],"wp:attachment":[{"href":"https:\/\/omniakiskan.com\/index.php?rest_route=%2Fwp%2Fv2%2Fmedia&parent=91"}],"curies":[{"name":"wp","href":"https:\/\/api.w.org\/{rel}","templated":true}]}}