{"id":313,"date":"2026-04-17T23:40:49","date_gmt":"2026-04-17T23:40:49","guid":{"rendered":"https:\/\/omniakiskan.com\/?page_id=313"},"modified":"2026-04-17T23:52:22","modified_gmt":"2026-04-17T23:52:22","slug":"iletisim","status":"publish","type":"page","link":"https:\/\/omniakiskan.com\/?page_id=313","title":{"rendered":"\u0130leti\u015fim"},"content":{"rendered":"\t\t<div data-elementor-type=\"wp-page\" data-elementor-id=\"313\" class=\"elementor elementor-313\">\n\t\t\t\t<div class=\"elementor-element elementor-element-4b4cbcc e-flex e-con-boxed e-con e-parent\" data-id=\"4b4cbcc\" data-element_type=\"container\" data-e-type=\"container\">\n\t\t\t\t\t<div class=\"e-con-inner\">\n\t\t\t\t<div class=\"elementor-element elementor-element-f6c6564 align-center heading-default elementor-widget elementor-widget-mae-headings\" data-id=\"f6c6564\" data-element_type=\"widget\" data-e-type=\"widget\" data-widget_type=\"mae-headings.default\">\n\t\t\t\t<div class=\"elementor-widget-container\">\n\t\t\t\t\t\t\t<div class=\"master-heading sep-none\">\n\t\t\t\t\t\t\t        \n\t        \n\t        \t        <h2 class=\"main-heading\">\u0130htiya\u00e7 Duydu\u011funuz T\u00fcm \u00dcr\u00fcn ve Hizmetler \u0130\u00e7in Bizimle \u0130leti\u015fime Ge\u00e7in<span class=\"accent-color\">.<\/span><\/h2>\n\t        \n\t        \n\t        \t    <\/div>\n\t    \t\t\t\t<\/div>\n\t\t\t\t<\/div>\n\t\t<div class=\"elementor-element elementor-element-f1391e0 e-grid e-con-full e-con e-child\" data-id=\"f1391e0\" data-element_type=\"container\" data-e-type=\"container\">\n\t\t\t\t<div class=\"elementor-element elementor-element-996358e align-center e-transform icon-box-default icon-position-top elementor-widget elementor-widget-mae-icon-box\" data-id=\"996358e\" data-element_type=\"widget\" data-e-type=\"widget\" data-settings=\"{&quot;_transform_translateY_effect_hover&quot;:{&quot;unit&quot;:&quot;px&quot;,&quot;size&quot;:-10,&quot;sizes&quot;:[]},&quot;_transform_translateX_effect_hover&quot;:{&quot;unit&quot;:&quot;px&quot;,&quot;size&quot;:&quot;&quot;,&quot;sizes&quot;:[]},&quot;_transform_translateX_effect_hover_tablet&quot;:{&quot;unit&quot;:&quot;px&quot;,&quot;size&quot;:&quot;&quot;,&quot;sizes&quot;:[]},&quot;_transform_translateX_effect_hover_mobile&quot;:{&quot;unit&quot;:&quot;px&quot;,&quot;size&quot;:&quot;&quot;,&quot;sizes&quot;:[]},&quot;_transform_translateY_effect_hover_tablet&quot;:{&quot;unit&quot;:&quot;px&quot;,&quot;size&quot;:&quot;&quot;,&quot;sizes&quot;:[]},&quot;_transform_translateY_effect_hover_mobile&quot;:{&quot;unit&quot;:&quot;px&quot;,&quot;size&quot;:&quot;&quot;,&quot;sizes&quot;:[]}}\" data-widget_type=\"mae-icon-box.default\">\n\t\t\t\t<div class=\"elementor-widget-container\">\n\t\t\t\t\t                <div class=\"master-icon-box\" >\n                        \n            <div class=\"inner\">\n                <div class=\"icon-wrap\"><div class=\"master-icon\"><svg xmlns=\"http:\/\/www.w3.org\/2000\/svg\" xmlns:xlink=\"http:\/\/www.w3.org\/1999\/xlink\" x=\"0px\" y=\"0px\" viewBox=\"0 0 64 64\" style=\"enable-background:new 0 0 64 64;\" xml:space=\"preserve\" stroke-width=\"2\" stroke-miterlimit=\"10\" stroke=\"currentColor\"><polygon fill=\"none\" class=\"st0\" points=\"26,49.04 54.96,49.04 54.96,11.04 1,11.04 1,49.04 14,49.04 14,59.49 \"><\/polygon><polyline fill=\"none\" class=\"st0\" points=\"57,41.04 62.96,41.04 62.96,3.04 9,3.04 9,9 \"><\/polyline><\/svg><\/div><\/div>\n                <div class=\"text-wrap\">\n                    <h2 class=\"headline-2\">Mail Adresimiz<\/h2><div class=\"desc\">\ninfo@omniakiskan.com\n<\/div>                <\/div>\n            <\/div>\n\n            <div class=\"bg-static\"><\/div>        <\/div>\n        \t\t\t\t<\/div>\n\t\t\t\t<\/div>\n\t\t\t\t<div class=\"elementor-element elementor-element-df6c9cb align-center e-transform icon-box-default icon-position-top elementor-widget elementor-widget-mae-icon-box\" data-id=\"df6c9cb\" data-element_type=\"widget\" data-e-type=\"widget\" data-settings=\"{&quot;_transform_translateY_effect_hover&quot;:{&quot;unit&quot;:&quot;px&quot;,&quot;size&quot;:-10,&quot;sizes&quot;:[]},&quot;_transform_translateX_effect_hover&quot;:{&quot;unit&quot;:&quot;px&quot;,&quot;size&quot;:&quot;&quot;,&quot;sizes&quot;:[]},&quot;_transform_translateX_effect_hover_tablet&quot;:{&quot;unit&quot;:&quot;px&quot;,&quot;size&quot;:&quot;&quot;,&quot;sizes&quot;:[]},&quot;_transform_translateX_effect_hover_mobile&quot;:{&quot;unit&quot;:&quot;px&quot;,&quot;size&quot;:&quot;&quot;,&quot;sizes&quot;:[]},&quot;_transform_translateY_effect_hover_tablet&quot;:{&quot;unit&quot;:&quot;px&quot;,&quot;size&quot;:&quot;&quot;,&quot;sizes&quot;:[]},&quot;_transform_translateY_effect_hover_mobile&quot;:{&quot;unit&quot;:&quot;px&quot;,&quot;size&quot;:&quot;&quot;,&quot;sizes&quot;:[]}}\" data-widget_type=\"mae-icon-box.default\">\n\t\t\t\t<div class=\"elementor-widget-container\">\n\t\t\t\t\t                <div class=\"master-icon-box\" >\n                        \n            <div class=\"inner\">\n                <div class=\"icon-wrap\"><div class=\"master-icon\"><svg xmlns=\"http:\/\/www.w3.org\/2000\/svg\" xmlns:xlink=\"http:\/\/www.w3.org\/1999\/xlink\" x=\"0px\" y=\"0px\" viewBox=\"0 0 64 64\" style=\"enable-background:new 0 0 64 64;\" xml:space=\"preserve\" stroke-width=\"2\" stroke-miterlimit=\"10\" stroke=\"currentColor\">\t<circle fill=\"none\" class=\"st0\" cx=\"32\" cy=\"19\" r=\"4\"><\/circle>\t<path fill=\"none\" class=\"st0\" d=\"M45,21.02C44.97,13.28,39.18,7,32,7s-13,6.28-13,14.02C19,31.05,31.98,47,31.98,47S45.04,31.05,45,21.02z\"><\/path><polyline fill=\"none\" class=\"st0\" points=\"21,37 12,37 1,57 32,57 63,57 52,37 43,37 \"><\/polyline><\/svg><\/div><\/div>\n                <div class=\"text-wrap\">\n                    <h2 class=\"headline-2\">Adres<\/h2><div class=\"desc\">Gimathan Plaza Macun Mah. Anadolu Bulvar\u0131 No:27\/45 Yenimahalle \/ ANKARA\n<\/div>                <\/div>\n            <\/div>\n\n            <div class=\"bg-static\"><\/div>        <\/div>\n        \t\t\t\t<\/div>\n\t\t\t\t<\/div>\n\t\t\t\t<div class=\"elementor-element elementor-element-665d113 align-center e-transform line-hover icon-box-default icon-position-top elementor-widget elementor-widget-mae-icon-box\" data-id=\"665d113\" data-element_type=\"widget\" data-e-type=\"widget\" data-settings=\"{&quot;_transform_translateY_effect_hover&quot;:{&quot;unit&quot;:&quot;px&quot;,&quot;size&quot;:-10,&quot;sizes&quot;:[]},&quot;_transform_translateX_effect_hover&quot;:{&quot;unit&quot;:&quot;px&quot;,&quot;size&quot;:&quot;&quot;,&quot;sizes&quot;:[]},&quot;_transform_translateX_effect_hover_tablet&quot;:{&quot;unit&quot;:&quot;px&quot;,&quot;size&quot;:&quot;&quot;,&quot;sizes&quot;:[]},&quot;_transform_translateX_effect_hover_mobile&quot;:{&quot;unit&quot;:&quot;px&quot;,&quot;size&quot;:&quot;&quot;,&quot;sizes&quot;:[]},&quot;_transform_translateY_effect_hover_tablet&quot;:{&quot;unit&quot;:&quot;px&quot;,&quot;size&quot;:&quot;&quot;,&quot;sizes&quot;:[]},&quot;_transform_translateY_effect_hover_mobile&quot;:{&quot;unit&quot;:&quot;px&quot;,&quot;size&quot;:&quot;&quot;,&quot;sizes&quot;:[]}}\" data-widget_type=\"mae-icon-box.default\">\n\t\t\t\t<div class=\"elementor-widget-container\">\n\t\t\t\t\t                <div class=\"master-icon-box\" >\n                        \n            <div class=\"inner\">\n                <div class=\"icon-wrap\"><div class=\"master-icon\"><svg xmlns=\"http:\/\/www.w3.org\/2000\/svg\" xmlns:xlink=\"http:\/\/www.w3.org\/1999\/xlink\" x=\"0px\" y=\"0px\" viewBox=\"0 0 64 64\" style=\"enable-background:new 0 0 64 64;\" xml:space=\"preserve\" stroke-width=\"2\" stroke-miterlimit=\"10\" stroke=\"currentColor\"><path fill=\"none\" class=\"st0\" d=\"M11,48C5.48,48,1,43.52,1,38s4.48-10,10-10h2v20H11z\"><\/path><path fill=\"none\" class=\"st0\" d=\"M53,28c5.52,0,10,4.48,10,10s-4.48,10-10,10h-2V28H53z\"><\/path><path fill=\"none\" class=\"st0\" d=\"M13,31v-9c0,0,0-16,19-16s19,16,19,16v6\"><\/path><polyline fill=\"none\" class=\"st0\" points=\"51,48 51,53 36,59 28,59 28,55 36,55 36,58 \"><\/polyline><\/svg><\/div><\/div>\n                <div class=\"text-wrap\">\n                    <h2 class=\"headline-2\">Santral<\/h2><div class=\"desc\">0312 491 67 33\n<\/div>            <div class=\"url-wrap\">\n                <a class=\"master-link  icon-none\" >\n                                        <span><\/span>\n                                    <\/a>\n            <\/div>\n\n                            <\/div>\n            <\/div>\n\n            <div class=\"bg-static\"><\/div>        <\/div>\n        \t\t\t\t<\/div>\n\t\t\t\t<\/div>\n\t\t\t\t<\/div>\n\t\t<div class=\"elementor-element elementor-element-2a2f4e2 e-con-full e-flex e-con e-child\" data-id=\"2a2f4e2\" data-element_type=\"container\" data-e-type=\"container\">\n\t\t\t\t<\/div>\n\t\t\t\t\t<\/div>\n\t\t\t\t<\/div>\n\t\t\t\t<\/div>\n\t\t","protected":false},"excerpt":{"rendered":"<p>\u0130htiya\u00e7 Duydu\u011funuz T\u00fcm \u00dcr\u00fcn ve Hizmetler \u0130\u00e7in Bizimle \u0130leti\u015fime Ge\u00e7in. Mail Adresimiz info@omniakiskan.com Adres Gimathan Plaza Macun Mah. Anadolu Bulvar\u0131 No:27\/45 Yenimahalle \/ ANKARA Santral 0312 491 67 33<\/p>\n","protected":false},"author":1,"featured_media":0,"parent":0,"menu_order":0,"comment_status":"closed","ping_status":"closed","template":"","meta":{"inline_featured_image":false,"footnotes":""},"class_list":["post-313","page","type-page","status-publish","hentry"],"_links":{"self":[{"href":"https:\/\/omniakiskan.com\/index.php?rest_route=\/wp\/v2\/pages\/313","targetHints":{"allow":["GET"]}}],"collection":[{"href":"https:\/\/omniakiskan.com\/index.php?rest_route=\/wp\/v2\/pages"}],"about":[{"href":"https:\/\/omniakiskan.com\/index.php?rest_route=\/wp\/v2\/types\/page"}],"author":[{"embeddable":true,"href":"https:\/\/omniakiskan.com\/index.php?rest_route=\/wp\/v2\/users\/1"}],"replies":[{"embeddable":true,"href":"https:\/\/omniakiskan.com\/index.php?rest_route=%2Fwp%2Fv2%2Fcomments&post=313"}],"version-history":[{"count":7,"href":"https:\/\/omniakiskan.com\/index.php?rest_route=\/wp\/v2\/pages\/313\/revisions"}],"predecessor-version":[{"id":327,"href":"https:\/\/omniakiskan.com\/index.php?rest_route=\/wp\/v2\/pages\/313\/revisions\/327"}],"wp:attachment":[{"href":"https:\/\/omniakiskan.com\/index.php?rest_route=%2Fwp%2Fv2%2Fmedia&parent=313"}],"curies":[{"name":"wp","href":"https:\/\/api.w.org\/{rel}","templated":true}]}}